{"id":230,"date":"2018-09-29T13:16:27","date_gmt":"2018-09-29T11:16:27","guid":{"rendered":"https:\/\/demo-pages.interpress.pl\/phlox\/contact-elementor\/"},"modified":"2020-05-12T01:44:00","modified_gmt":"2020-05-11T23:44:00","slug":"contact-2","status":"publish","type":"page","link":"https:\/\/demo-pages.interpress.pl\/phlox\/contact-2\/","title":{"rendered":"Contact Elementor"},"content":{"rendered":"\t\t<div data-elementor-type=\"wp-post\" data-elementor-id=\"230\" class=\"elementor elementor-230\">\n\t\t\t\t\t\t<div class=\"elementor-inner\">\n\t\t\t\t<div class=\"elementor-section-wrap\">\n\t\t\t\t\t\t\t\t\t<section class=\"elementor-section elementor-top-section elementor-element elementor-element-2849e45d elementor-section-boxed elementor-section-height-default elementor-section-height-default\" data-id=\"2849e45d\" data-element_type=\"section\">\n\t\t\t\t\t\t<div class=\"elementor-container elementor-column-gap-extended\">\n\t\t\t\t\t\t\t<div class=\"elementor-row\">\n\t\t\t\t\t<div class=\"aux-parallax-section elementor-column elementor-col-50 elementor-top-column elementor-element elementor-element-2a9a8efb\" data-id=\"2a9a8efb\" data-element_type=\"column\">\n\t\t\t<div class=\"elementor-column-wrap elementor-element-populated\">\n\t\t\t\t\t\t\t<div class=\"elementor-widget-wrap\">\n\t\t\t\t\t\t<div class=\"elementor-element elementor-element-1810d42c elementor-widget elementor-widget-aux_image\" data-id=\"1810d42c\" data-element_type=\"widget\" data-widget_type=\"aux_image.default\">\n\t\t\t\t<div class=\"elementor-widget-container\">\n\t\t\t<section class=\"widget-container aux-widget-image aux-alignnone aux-parent-auf7d4228b\">\n    <div class=\"aux-media-hint-frame \">\n        <div class=\"aux-media-image \" >\n        \n            \n\n            \n            <img decoding=\"async\" loading=\"lazy\" width=\"800\" height=\"368\" src=\"https:\/\/demo-pages.interpress.pl\/phlox\/wp-content\/uploads\/sites\/2\/2018\/09\/photo-1427805371062-cacdd21273f1-2.jpg\" class=\"aux-attachment aux-featured-image aux-attachment-id-121\" alt=\"demo-attachment-2504-photo-1427805371062-cacdd21273f1-2\" data-ratio=\"2.17\" data-original-w=\"800\" \/>            \n                <\/div>\n    <\/div>\n\n<\/section><!-- widget-container -->\t\t<\/div>\n\t\t\t\t<\/div>\n\t\t\t\t<div class=\"elementor-element elementor-element-3b8e246 elementor-widget elementor-widget-aux_modern_heading\" data-id=\"3b8e246\" data-element_type=\"widget\" data-widget_type=\"aux_modern_heading.default\">\n\t\t\t\t<div class=\"elementor-widget-container\">\n\t\t\t<section class=\"aux-widget-modern-heading\">\n            <div class=\"aux-widget-inner\"><h2 class=\"aux-modern-heading-primary\">Contact Info<\/h2><div class=\"aux-modern-heading-description\"><p><strong>Je\u015bli spodoba\u0142 Ci si\u0119 ten szablon, lub chcesz, aby na jego bazie zrobi\u0107 stron\u0119 Twojej firmy prosimy o kontakt. Napisz do nas:<\/strong><\/p><ul><li>Email: <a href=\"mailto:integrator@interpress.pl\">integrator@interpress.pl<\/a><\/li><\/ul><p>We make company pages. We use ready-made templates as well as create new solutions tailored to customer needs. We will help you to appear on the Internet.<\/p><ul><li>Email: <a href=\"mailto:integrator@interpress.pl\">integrator@interpress.pl<\/a><\/li><\/ul><\/div><\/div>\n        <\/section>\t\t<\/div>\n\t\t\t\t<\/div>\n\t\t\t\t\t\t<\/div>\n\t\t\t\t\t<\/div>\n\t\t<\/div>\n\t\t\t\t<div class=\"aux-parallax-section elementor-column elementor-col-50 elementor-top-column elementor-element elementor-element-3a5bf0f\" data-id=\"3a5bf0f\" data-element_type=\"column\">\n\t\t\t<div class=\"elementor-column-wrap elementor-element-populated\">\n\t\t\t\t\t\t\t<div class=\"elementor-widget-wrap\">\n\t\t\t\t\t\t<div class=\"elementor-element elementor-element-3767ba99 elementor-widget elementor-widget-aux_contact_form\" data-id=\"3767ba99\" data-element_type=\"widget\" data-widget_type=\"aux_contact_form.default\">\n\t\t\t\t<div class=\"elementor-widget-container\">\n\t\t\t<section class=\"widget-container aux-widget-contact-form aux-parent-au150f5005\">            <div class=\"aux-col-wrapper aux-no-gutter\">\n            <!-- @TODO - The output for element here -->\n\n            \n            \n            <form action=\"https:\/\/demo-pages.interpress.pl\/phlox\/contact-2\/\" id=\"contactForm\" class=\"aux-contact-form\" method=\"post\" >\n                <input type=\"text\"  name=\"cName\"    id=\"cName\"    placeholder=\"Name\" required >\n                <input type=\"email\" name=\"cEmail\"   id=\"cEmail\"   placeholder=\"E-Mail\" required >\n                <input type=\"text\"  name=\"cURL\"     id=\"cURL\"     placeholder=\"Website\" >\n                <textarea           name=\"cComment\" id=\"cComment\" placeholder=\"Message\" required><\/textarea>\n                <input type=\"submit\" id=\"submit\" class=\"submit\"  value=\"Submit\" >\n\n                \n                <input type=\"hidden\" name=\"formSubmitted\" id=\"formSubmitted\" value=\"true\" \/>\n            <\/form>\n\n            \n\n            <\/div><!-- aux-col-wrapper -->\n    <\/section><!-- widget-container -->\t\t<\/div>\n\t\t\t\t<\/div>\n\t\t\t\t\t\t<\/div>\n\t\t\t\t\t<\/div>\n\t\t<\/div>\n\t\t\t\t\t\t\t\t<\/div>\n\t\t\t\t\t<\/div>\n\t\t<\/section>\n\t\t\t\t\t\t\t\t\t<\/div>\n\t\t\t<\/div>\n\t\t\t\t\t<\/div>\n\t\t","protected":false},"excerpt":{"rendered":"<p>Contact Info Je\u015bli spodoba\u0142 Ci si\u0119 ten szablon, lub chcesz, aby na jego bazie zrobi\u0107 stron\u0119 Twojej firmy prosimy o kontakt. Napisz do nas: Email: integrator@interpress.pl We make company pages. We use ready-made templates as well as create new solutions tailored to customer needs. We will help you to appear on the Internet. Email: integrator@interpress.pl<\/p>\n","protected":false},"author":1,"featured_media":0,"parent":0,"menu_order":0,"comment_status":"closed","ping_status":"closed","template":"","meta":{"footnotes":""},"yoast_head":"<!-- This site is optimized with the Yoast SEO plugin v21.4 - https:\/\/yoast.com\/wordpress\/plugins\/seo\/ -->\n<title>Attractive pages in the subscription<\/title>\n<meta name=\"robots\" content=\"index, follow, max-snippet:-1, max-image-preview:large, max-video-preview:-1\" \/>\n<link rel=\"canonical\" href=\"https:\/\/demo-pages.interpress.pl\/phlox\/contact-2\/\" \/>\n<meta property=\"og:locale\" content=\"pl_PL\" \/>\n<meta property=\"og:type\" content=\"article\" \/>\n<meta property=\"og:title\" content=\"Attractive pages in the subscription\" \/>\n<meta property=\"og:description\" content=\"Contact Info Je\u015bli spodoba\u0142 Ci si\u0119 ten szablon, lub chcesz, aby na jego bazie zrobi\u0107 stron\u0119 Twojej firmy prosimy o kontakt. Napisz do nas: Email: integrator@interpress.pl We make company pages. We use ready-made templates as well as create new solutions tailored to customer needs. We will help you to appear on the Internet. Email: integrator@interpress.pl\" \/>\n<meta property=\"og:url\" content=\"https:\/\/demo-pages.interpress.pl\/phlox\/contact-2\/\" \/>\n<meta property=\"og:site_name\" content=\"Demo Phlox\" \/>\n<meta property=\"article:modified_time\" content=\"2020-05-11T23:44:00+00:00\" \/>\n<meta property=\"og:image\" content=\"https:\/\/demo-pages.interpress.pl\/phlox\/wp-content\/uploads\/sites\/2\/2018\/09\/photo-1427805371062-cacdd21273f1-2.jpg\" \/>\n<meta name=\"twitter:card\" content=\"summary_large_image\" \/>\n<script type=\"application\/ld+json\" class=\"yoast-schema-graph\">{\"@context\":\"https:\/\/schema.org\",\"@graph\":[{\"@type\":\"WebPage\",\"@id\":\"https:\/\/demo-pages.interpress.pl\/phlox\/contact-2\/\",\"url\":\"https:\/\/demo-pages.interpress.pl\/phlox\/contact-2\/\",\"name\":\"Attractive pages in the subscription\",\"isPartOf\":{\"@id\":\"https:\/\/demo-pages.interpress.pl\/phlox\/#website\"},\"datePublished\":\"2018-09-29T11:16:27+00:00\",\"dateModified\":\"2020-05-11T23:44:00+00:00\",\"breadcrumb\":{\"@id\":\"https:\/\/demo-pages.interpress.pl\/phlox\/contact-2\/#breadcrumb\"},\"inLanguage\":\"pl-PL\",\"potentialAction\":[{\"@type\":\"ReadAction\",\"target\":[\"https:\/\/demo-pages.interpress.pl\/phlox\/contact-2\/\"]}]},{\"@type\":\"BreadcrumbList\",\"@id\":\"https:\/\/demo-pages.interpress.pl\/phlox\/contact-2\/#breadcrumb\",\"itemListElement\":[{\"@type\":\"ListItem\",\"position\":1,\"name\":\"Strona g\u0142\u00f3wna\",\"item\":\"https:\/\/demo-pages.interpress.pl\/phlox\/\"},{\"@type\":\"ListItem\",\"position\":2,\"name\":\"Contact Elementor\"}]},{\"@type\":\"WebSite\",\"@id\":\"https:\/\/demo-pages.interpress.pl\/phlox\/#website\",\"url\":\"https:\/\/demo-pages.interpress.pl\/phlox\/\",\"name\":\"Demo Phlox\",\"description\":\"\u201eDEMO - Strony abonamentowe w Interpress+\u201d\",\"publisher\":{\"@id\":\"https:\/\/demo-pages.interpress.pl\/phlox\/#organization\"},\"potentialAction\":[{\"@type\":\"SearchAction\",\"target\":{\"@type\":\"EntryPoint\",\"urlTemplate\":\"https:\/\/demo-pages.interpress.pl\/phlox\/?s={search_term_string}\"},\"query-input\":\"required name=search_term_string\"}],\"inLanguage\":\"pl-PL\"},{\"@type\":\"Organization\",\"@id\":\"https:\/\/demo-pages.interpress.pl\/phlox\/#organization\",\"name\":\"Demo Phlox\",\"url\":\"https:\/\/demo-pages.interpress.pl\/phlox\/\",\"logo\":{\"@type\":\"ImageObject\",\"inLanguage\":\"pl-PL\",\"@id\":\"https:\/\/demo-pages.interpress.pl\/phlox\/#\/schema\/logo\/image\/\",\"url\":\"https:\/\/demo-pages.interpress.pl\/phlox\/wp-content\/uploads\/sites\/2\/2016\/09\/logo.png\",\"contentUrl\":\"https:\/\/demo-pages.interpress.pl\/phlox\/wp-content\/uploads\/sites\/2\/2016\/09\/logo.png\",\"width\":193,\"height\":45,\"caption\":\"Demo Phlox\"},\"image\":{\"@id\":\"https:\/\/demo-pages.interpress.pl\/phlox\/#\/schema\/logo\/image\/\"}}]}<\/script>\n<!-- \/ Yoast SEO plugin. -->","yoast_head_json":{"title":"Attractive pages in the subscription","robots":{"index":"index","follow":"follow","max-snippet":"max-snippet:-1","max-image-preview":"max-image-preview:large","max-video-preview":"max-video-preview:-1"},"canonical":"https:\/\/demo-pages.interpress.pl\/phlox\/contact-2\/","og_locale":"pl_PL","og_type":"article","og_title":"Attractive pages in the subscription","og_description":"Contact Info Je\u015bli spodoba\u0142 Ci si\u0119 ten szablon, lub chcesz, aby na jego bazie zrobi\u0107 stron\u0119 Twojej firmy prosimy o kontakt. Napisz do nas: Email: integrator@interpress.pl We make company pages. We use ready-made templates as well as create new solutions tailored to customer needs. We will help you to appear on the Internet. Email: integrator@interpress.pl","og_url":"https:\/\/demo-pages.interpress.pl\/phlox\/contact-2\/","og_site_name":"Demo Phlox","article_modified_time":"2020-05-11T23:44:00+00:00","og_image":[{"url":"https:\/\/demo-pages.interpress.pl\/phlox\/wp-content\/uploads\/sites\/2\/2018\/09\/photo-1427805371062-cacdd21273f1-2.jpg"}],"twitter_card":"summary_large_image","schema":{"@context":"https:\/\/schema.org","@graph":[{"@type":"WebPage","@id":"https:\/\/demo-pages.interpress.pl\/phlox\/contact-2\/","url":"https:\/\/demo-pages.interpress.pl\/phlox\/contact-2\/","name":"Attractive pages in the subscription","isPartOf":{"@id":"https:\/\/demo-pages.interpress.pl\/phlox\/#website"},"datePublished":"2018-09-29T11:16:27+00:00","dateModified":"2020-05-11T23:44:00+00:00","breadcrumb":{"@id":"https:\/\/demo-pages.interpress.pl\/phlox\/contact-2\/#breadcrumb"},"inLanguage":"pl-PL","potentialAction":[{"@type":"ReadAction","target":["https:\/\/demo-pages.interpress.pl\/phlox\/contact-2\/"]}]},{"@type":"BreadcrumbList","@id":"https:\/\/demo-pages.interpress.pl\/phlox\/contact-2\/#breadcrumb","itemListElement":[{"@type":"ListItem","position":1,"name":"Strona g\u0142\u00f3wna","item":"https:\/\/demo-pages.interpress.pl\/phlox\/"},{"@type":"ListItem","position":2,"name":"Contact Elementor"}]},{"@type":"WebSite","@id":"https:\/\/demo-pages.interpress.pl\/phlox\/#website","url":"https:\/\/demo-pages.interpress.pl\/phlox\/","name":"Demo Phlox","description":"\u201eDEMO - Strony abonamentowe w Interpress+\u201d","publisher":{"@id":"https:\/\/demo-pages.interpress.pl\/phlox\/#organization"},"potentialAction":[{"@type":"SearchAction","target":{"@type":"EntryPoint","urlTemplate":"https:\/\/demo-pages.interpress.pl\/phlox\/?s={search_term_string}"},"query-input":"required name=search_term_string"}],"inLanguage":"pl-PL"},{"@type":"Organization","@id":"https:\/\/demo-pages.interpress.pl\/phlox\/#organization","name":"Demo Phlox","url":"https:\/\/demo-pages.interpress.pl\/phlox\/","logo":{"@type":"ImageObject","inLanguage":"pl-PL","@id":"https:\/\/demo-pages.interpress.pl\/phlox\/#\/schema\/logo\/image\/","url":"https:\/\/demo-pages.interpress.pl\/phlox\/wp-content\/uploads\/sites\/2\/2016\/09\/logo.png","contentUrl":"https:\/\/demo-pages.interpress.pl\/phlox\/wp-content\/uploads\/sites\/2\/2016\/09\/logo.png","width":193,"height":45,"caption":"Demo Phlox"},"image":{"@id":"https:\/\/demo-pages.interpress.pl\/phlox\/#\/schema\/logo\/image\/"}}]}},"_links":{"self":[{"href":"https:\/\/demo-pages.interpress.pl\/phlox\/wp-json\/wp\/v2\/pages\/230"}],"collection":[{"href":"https:\/\/demo-pages.interpress.pl\/phlox\/wp-json\/wp\/v2\/pages"}],"about":[{"href":"https:\/\/demo-pages.interpress.pl\/phlox\/wp-json\/wp\/v2\/types\/page"}],"author":[{"embeddable":true,"href":"https:\/\/demo-pages.interpress.pl\/phlox\/wp-json\/wp\/v2\/users\/1"}],"replies":[{"embeddable":true,"href":"https:\/\/demo-pages.interpress.pl\/phlox\/wp-json\/wp\/v2\/comments?post=230"}],"version-history":[{"count":3,"href":"https:\/\/demo-pages.interpress.pl\/phlox\/wp-json\/wp\/v2\/pages\/230\/revisions"}],"predecessor-version":[{"id":303,"href":"https:\/\/demo-pages.interpress.pl\/phlox\/wp-json\/wp\/v2\/pages\/230\/revisions\/303"}],"wp:attachment":[{"href":"https:\/\/demo-pages.interpress.pl\/phlox\/wp-json\/wp\/v2\/media?parent=230"}],"curies":[{"name":"wp","href":"https:\/\/api.w.org\/{rel}","templated":true}]}}